{"id":1654,"date":"2023-12-04T10:46:47","date_gmt":"2023-12-04T15:46:47","guid":{"rendered":"https:\/\/web5.ingresa.click\/?page_id=1654"},"modified":"2023-12-13T17:06:47","modified_gmt":"2023-12-13T22:06:47","slug":"societario-y-contractual","status":"publish","type":"page","link":"https:\/\/web5.ingresa.click\/?page_id=1654","title":{"rendered":"SOCIETARIO Y CONTRACTUAL"},"content":{"rendered":"\t\t<div data-elementor-type=\"wp-page\" data-elementor-id=\"1654\" class=\"elementor elementor-1654\">\n\t\t\t\t\t\t\t<div class=\"elementor-element elementor-element-d5cfde3 e-con-full e-flex e-con e-parent\" data-id=\"d5cfde3\" data-element_type=\"container\" data-settings=\"{&quot;content_width&quot;:&quot;full&quot;}\" data-core-v316-plus=\"true\">\n\t\t<div class=\"elementor-element elementor-element-ed16eea e-flex e-con-boxed e-con e-child\" data-id=\"ed16eea\" data-element_type=\"container\" data-settings=\"{&quot;content_width&quot;:&quot;boxed&quot;}\">\n\t\t\t\t\t<div class=\"e-con-inner\">\n\t\t\t\t<div class=\"elementor-element elementor-element-abc8f40 elementor-widget__width-auto elementor-invisible elementor-widget elementor-widget-heading\" data-id=\"abc8f40\" data-element_type=\"widget\" data-settings=\"{&quot;_animation&quot;:&quot;fadeIn&quot;}\" data-widget_type=\"heading.default\">\n\t\t\t\t<div class=\"elementor-widget-container\">\n\t\t\t<style>\/*! elementor - v3.17.0 - 08-11-2023 *\/\n.elementor-heading-title{padding:0;margin:0;line-height:1}.elementor-widget-heading .elementor-heading-title[class*=elementor-size-]>a{color:inherit;font-size:inherit;line-height:inherit}.elementor-widget-heading .elementor-heading-title.elementor-size-small{font-size:15px}.elementor-widget-heading .elementor-heading-title.elementor-size-medium{font-size:19px}.elementor-widget-heading .elementor-heading-title.elementor-size-large{font-size:29px}.elementor-widget-heading .elementor-heading-title.elementor-size-xl{font-size:39px}.elementor-widget-heading .elementor-heading-title.elementor-size-xxl{font-size:59px}<\/style><h1 class=\"elementor-heading-title elementor-size-small\">\u00c1REA DE ESPECIALIZACI\u00d3N<\/h1>\t\t<\/div>\n\t\t\t\t<\/div>\n\t\t\t\t<div class=\"elementor-element elementor-element-5e45c03 elementor-widget__width-auto elementor-invisible elementor-widget elementor-widget-heading\" data-id=\"5e45c03\" data-element_type=\"widget\" data-settings=\"{&quot;_animation&quot;:&quot;fadeIn&quot;}\" data-widget_type=\"heading.default\">\n\t\t\t\t<div class=\"elementor-widget-container\">\n\t\t\t<h1 class=\"elementor-heading-title elementor-size-default\">Societario y Contractual<\/h1>\t\t<\/div>\n\t\t\t\t<\/div>\n\t\t\t\t\t<\/div>\n\t\t\t\t<\/div>\n\t\t\t\t<\/div>\n\t\t<div class=\"elementor-element elementor-element-fcad9f9 e-con-full e-flex e-con e-parent\" data-id=\"fcad9f9\" data-element_type=\"container\" data-settings=\"{&quot;content_width&quot;:&quot;full&quot;}\" data-core-v316-plus=\"true\">\n\t\t\t\t<div class=\"elementor-element elementor-element-2cff8a6 elementor-widget elementor-widget-text-editor\" data-id=\"2cff8a6\" data-element_type=\"widget\" data-widget_type=\"text-editor.default\">\n\t\t\t\t<div class=\"elementor-widget-container\">\n\t\t\t<style>\/*! elementor - v3.17.0 - 08-11-2023 *\/\n.elementor-widget-text-editor.elementor-drop-cap-view-stacked .elementor-drop-cap{background-color:#69727d;color:#fff}.elementor-widget-text-editor.elementor-drop-cap-view-framed .elementor-drop-cap{color:#69727d;border:3px solid;background-color:transparent}.elementor-widget-text-editor:not(.elementor-drop-cap-view-default) .elementor-drop-cap{margin-top:8px}.elementor-widget-text-editor:not(.elementor-drop-cap-view-default) .elementor-drop-cap-letter{width:1em;height:1em}.elementor-widget-text-editor .elementor-drop-cap{float:left;text-align:center;line-height:1;font-size:50px}.elementor-widget-text-editor .elementor-drop-cap-letter{display:inline-block}<\/style>\t\t\t\tNuestro staff de abogados brindan asesor\u00eda legal en organizaci\u00f3n empresarial, de esta manera nuestros clientes s\u00f3lo se preocuparan por generar ingresos a trav\u00e9s de la venta de los bienes o servicios del negocio. Nuestro estudio se convertir\u00e1 en su socio estrat\u00e9gico permiti\u00e9ndole crecer ordenadamente.\t\t\t\t\t\t<\/div>\n\t\t\t\t<\/div>\n\t\t\t\t<div class=\"elementor-element elementor-element-adbf3a4 elementor-widget__width-auto elementor-invisible elementor-widget elementor-widget-heading\" data-id=\"adbf3a4\" data-element_type=\"widget\" data-settings=\"{&quot;_animation&quot;:&quot;fadeIn&quot;}\" data-widget_type=\"heading.default\">\n\t\t\t\t<div class=\"elementor-widget-container\">\n\t\t\t<h2 class=\"elementor-heading-title elementor-size-medium\">SOMOS ESPECIALISTAS EN:<\/h2>\t\t<\/div>\n\t\t\t\t<\/div>\n\t\t\t\t<div class=\"elementor-element elementor-element-dcdf8fa elementor-widget elementor-widget-text-editor\" data-id=\"dcdf8fa\" data-element_type=\"widget\" data-widget_type=\"text-editor.default\">\n\t\t\t\t<div class=\"elementor-widget-container\">\n\t\t\t\t\t\t\t<ul>\n \t<li>Constituci\u00f3n, reorganizaci\u00f3n, adaptaci\u00f3n, transformaci\u00f3n y extinci\u00f3n de sociedades.<\/li>\n<\/ul>\n&nbsp;\n<ul>\n \t<li>Asesorar\u00eda en los principales actos y procesos societarios como: aumentos de capital, fusiones, escisiones, exclusi\u00f3n de socios, impugnaci\u00f3n de acuerdos societarios, etc.<\/li>\n<\/ul>\n&nbsp;\n<ul>\n \t<li>Asesor\u00eda a empresas familiares en la transferencia generacional.<\/li>\n<\/ul>\n&nbsp;\n<ul>\n \t<li>Participaci\u00f3n en directorios y representaci\u00f3n en juntas generales de accionistas.<\/li>\n<\/ul>\n&nbsp;\n<ul>\n \t<li>Valorizaci\u00f3n, negociaci\u00f3n y venta de empresas.<\/li>\n<\/ul>\n&nbsp;\n<ul>\n \t<li>Asesor\u00eda y redacci\u00f3n de todo tipo de contratos civiles y comerciales como: compraventa, arrendamiento, cr\u00e9ditos, hipotecas, garant\u00eda mobiliaria, locaci\u00f3n de servicios, leasing o arrendamiento financiero, consorcios, asociaci\u00f3n en participaci\u00f3n, joint venture, know how, franquicia, licencias de marca, factoring, esponsorizaci\u00f3n, contratos de dominaci\u00f3n grupal, etc.<\/li>\n<\/ul>\t\t\t\t\t\t<\/div>\n\t\t\t\t<\/div>\n\t\t\t\t<\/div>\n\t\t<div class=\"elementor-element elementor-element-cc30018 e-con-full e-flex e-con e-parent\" data-id=\"cc30018\" data-element_type=\"container\" data-settings=\"{&quot;content_width&quot;:&quot;full&quot;,&quot;background_background&quot;:&quot;classic&quot;}\" data-core-v316-plus=\"true\">\n\t\t\t\t<div class=\"elementor-element elementor-element-6fe5352 elementor-widget elementor-widget-heading\" data-id=\"6fe5352\" data-element_type=\"widget\" data-widget_type=\"heading.default\">\n\t\t\t\t<div class=\"elementor-widget-container\">\n\t\t\t<h2 class=\"elementor-heading-title elementor-size-xl\">Otras \u00e1reas<\/h2>\t\t<\/div>\n\t\t\t\t<\/div>\n\t\t<div class=\"elementor-element elementor-element-7e6dedb e-con-full e-flex e-con e-child\" data-id=\"7e6dedb\" data-element_type=\"container\" data-settings=\"{&quot;content_width&quot;:&quot;full&quot;}\">\n\t\t\t\t<div class=\"elementor-element elementor-element-56e4728 elementor-widget__width-inherit elementor-widget elementor-widget-heading\" data-id=\"56e4728\" data-element_type=\"widget\" data-widget_type=\"heading.default\">\n\t\t\t\t<div class=\"elementor-widget-container\">\n\t\t\t<div class=\"elementor-heading-title elementor-size-medium\"><a href=\"\/?page_id=1588\">Litigios y arbitraje<\/a><\/div>\t\t<\/div>\n\t\t\t\t<\/div>\n\t\t\t\t<div class=\"elementor-element elementor-element-3ef7762 elementor-widget__width-inherit elementor-widget elementor-widget-heading\" data-id=\"3ef7762\" data-element_type=\"widget\" data-widget_type=\"heading.default\">\n\t\t\t\t<div class=\"elementor-widget-container\">\n\t\t\t<div class=\"elementor-heading-title elementor-size-medium\"><a href=\"\/?page_id=1642\">Laboral y recursos humanos<\/a><\/div>\t\t<\/div>\n\t\t\t\t<\/div>\n\t\t\t\t<div class=\"elementor-element elementor-element-1c4468e elementor-widget__width-inherit elementor-widget elementor-widget-heading\" data-id=\"1c4468e\" data-element_type=\"widget\" data-widget_type=\"heading.default\">\n\t\t\t\t<div class=\"elementor-widget-container\">\n\t\t\t<div class=\"elementor-heading-title elementor-size-medium\"><a href=\"\/?page_id=1644\">Penal empresarial<\/a><\/div>\t\t<\/div>\n\t\t\t\t<\/div>\n\t\t\t\t<\/div>\n\t\t<div class=\"elementor-element elementor-element-bbabc13 e-con-full e-flex e-con e-child\" data-id=\"bbabc13\" data-element_type=\"container\" data-settings=\"{&quot;content_width&quot;:&quot;full&quot;}\">\n\t\t\t\t<div class=\"elementor-element elementor-element-b63ed42 elementor-widget__width-inherit elementor-widget elementor-widget-heading\" data-id=\"b63ed42\" data-element_type=\"widget\" data-widget_type=\"heading.default\">\n\t\t\t\t<div class=\"elementor-widget-container\">\n\t\t\t<div class=\"elementor-heading-title elementor-size-medium\"><a href=\"\/?page_id=1646\">Inmobiliario y registral<\/a><\/div>\t\t<\/div>\n\t\t\t\t<\/div>\n\t\t\t\t<div class=\"elementor-element elementor-element-223b545 elementor-widget__width-inherit elementor-widget elementor-widget-heading\" data-id=\"223b545\" data-element_type=\"widget\" data-widget_type=\"heading.default\">\n\t\t\t\t<div class=\"elementor-widget-container\">\n\t\t\t<div class=\"elementor-heading-title elementor-size-medium\"><a href=\"\/?page_id=1648\">Organismos reguladores<\/a><\/div>\t\t<\/div>\n\t\t\t\t<\/div>\n\t\t\t\t<div class=\"elementor-element elementor-element-fcecd4d elementor-widget__width-inherit elementor-widget elementor-widget-heading\" data-id=\"fcecd4d\" data-element_type=\"widget\" data-widget_type=\"heading.default\">\n\t\t\t\t<div class=\"elementor-widget-container\">\n\t\t\t<div class=\"elementor-heading-title elementor-size-medium\"><a href=\"\/?page_id=1650\">Asesor\u00eda tributaria<\/a><\/div>\t\t<\/div>\n\t\t\t\t<\/div>\n\t\t\t\t<\/div>\n\t\t<div class=\"elementor-element elementor-element-b1e19ad e-con-full e-flex e-con e-child\" data-id=\"b1e19ad\" data-element_type=\"container\" data-settings=\"{&quot;content_width&quot;:&quot;full&quot;}\">\n\t\t\t\t<div class=\"elementor-element elementor-element-cdba590 elementor-widget__width-inherit elementor-widget elementor-widget-heading\" data-id=\"cdba590\" data-element_type=\"widget\" data-widget_type=\"heading.default\">\n\t\t\t\t<div class=\"elementor-widget-container\">\n\t\t\t<div class=\"elementor-heading-title elementor-size-medium\"><a href=\"\/?page_id=1652\">Minero y ambiental<\/a><\/div>\t\t<\/div>\n\t\t\t\t<\/div>\n\t\t\t\t<div class=\"elementor-element elementor-element-6ec2822 elementor-widget__width-inherit elementor-widget elementor-widget-heading\" data-id=\"6ec2822\" data-element_type=\"widget\" data-widget_type=\"heading.default\">\n\t\t\t\t<div class=\"elementor-widget-container\">\n\t\t\t<div class=\"elementor-heading-title elementor-size-medium\"><a href=\"\/?page_id=1654\">Societario y contractual<\/a><\/div>\t\t<\/div>\n\t\t\t\t<\/div>\n\t\t\t\t<div class=\"elementor-element elementor-element-958ef46 elementor-widget__width-inherit elementor-hidden-mobile elementor-widget elementor-widget-heading\" data-id=\"958ef46\" data-element_type=\"widget\" data-widget_type=\"heading.default\">\n\t\t\t\t<div class=\"elementor-widget-container\">\n\t\t\t<div class=\"elementor-heading-title elementor-size-medium\">Asesor\u00eda tributaria<\/div>\t\t<\/div>\n\t\t\t\t<\/div>\n\t\t\t\t<\/div>\n\t\t\t\t<\/div>\n\t\t<div class=\"elementor-element elementor-element-9133d22 e-con-full e-flex e-con e-parent\" data-id=\"9133d22\" data-element_type=\"container\" data-settings=\"{&quot;content_width&quot;:&quot;full&quot;,&quot;background_background&quot;:&quot;classic&quot;}\" data-core-v316-plus=\"true\">\n\t\t<div class=\"elementor-element elementor-element-ff4a5f6 e-con-full e-flex e-con e-child\" data-id=\"ff4a5f6\" data-element_type=\"container\" data-settings=\"{&quot;content_width&quot;:&quot;full&quot;}\">\n\t\t\t\t<div class=\"elementor-element elementor-element-fbba192 elementor-widget elementor-widget-heading\" data-id=\"fbba192\" data-element_type=\"widget\" data-widget_type=\"heading.default\">\n\t\t\t\t<div class=\"elementor-widget-container\">\n\t\t\t<h2 class=\"elementor-heading-title elementor-size-xl\">\u00bfBuscas una firma con una oferta legal integral?<\/h2>\t\t<\/div>\n\t\t\t\t<\/div>\n\t\t\t\t<div class=\"elementor-element elementor-element-442eeb7 elementor-widget__width-auto elementor-widget elementor-widget-button\" data-id=\"442eeb7\" data-element_type=\"widget\" data-widget_type=\"button.default\">\n\t\t\t\t<div class=\"elementor-widget-container\">\n\t\t\t\t\t<div class=\"elementor-button-wrapper\">\n\t\t\t<a class=\"elementor-button elementor-button-link elementor-size-sm\" href=\"\/?page_id=17\">\n\t\t\t\t\t\t<span class=\"elementor-button-content-wrapper\">\n\t\t\t\t\t\t<span class=\"elementor-button-text\">P\u00f3ngase en contacto con nosotros<\/span>\n\t\t<\/span>\n\t\t\t\t\t<\/a>\n\t\t<\/div>\n\t\t\t\t<\/div>\n\t\t\t\t<\/div>\n\t\t\t\t<\/div>\n\t\t\t\t<\/div>\n\t\t\t\t\t\t\t<\/div>\n\t\t","protected":false},"excerpt":{"rendered":"<p>\u00c1REA DE ESPECIALIZACI\u00d3N Societario y Contractual Nuestro staff de abogados brindan asesor\u00eda legal en organizaci\u00f3n empresarial, de esta manera nuestros clientes s\u00f3lo se preocuparan por generar ingresos a trav\u00e9s de la venta de los bienes o servicios del negocio. Nuestro estudio se convertir\u00e1 en su socio estrat\u00e9gico permiti\u00e9ndole crecer ordenadamente. SOMOS ESPECIALISTAS EN: Constituci\u00f3n, reorganizaci\u00f3n, [&hellip;]<\/p>\n","protected":false},"author":1,"featured_media":0,"parent":64,"menu_order":7,"comment_status":"closed","ping_status":"closed","template":"elementor_header_footer","meta":{"footnotes":""},"_links":{"self":[{"href":"https:\/\/web5.ingresa.click\/index.php?rest_route=\/wp\/v2\/pages\/1654"}],"collection":[{"href":"https:\/\/web5.ingresa.click\/index.php?rest_route=\/wp\/v2\/pages"}],"about":[{"href":"https:\/\/web5.ingresa.click\/index.php?rest_route=\/wp\/v2\/types\/page"}],"author":[{"embeddable":true,"href":"https:\/\/web5.ingresa.click\/index.php?rest_route=\/wp\/v2\/users\/1"}],"replies":[{"embeddable":true,"href":"https:\/\/web5.ingresa.click\/index.php?rest_route=%2Fwp%2Fv2%2Fcomments&post=1654"}],"version-history":[{"count":28,"href":"https:\/\/web5.ingresa.click\/index.php?rest_route=\/wp\/v2\/pages\/1654\/revisions"}],"predecessor-version":[{"id":2634,"href":"https:\/\/web5.ingresa.click\/index.php?rest_route=\/wp\/v2\/pages\/1654\/revisions\/2634"}],"up":[{"embeddable":true,"href":"https:\/\/web5.ingresa.click\/index.php?rest_route=\/wp\/v2\/pages\/64"}],"wp:attachment":[{"href":"https:\/\/web5.ingresa.click\/index.php?rest_route=%2Fwp%2Fv2%2Fmedia&parent=1654"}],"curies":[{"name":"wp","href":"https:\/\/api.w.org\/{rel}","templated":true}]}}