{"id":1646,"date":"2023-12-04T10:43:16","date_gmt":"2023-12-04T15:43:16","guid":{"rendered":"https:\/\/web5.ingresa.click\/?page_id=1646"},"modified":"2023-12-13T17:05:54","modified_gmt":"2023-12-13T22:05:54","slug":"inmobiliario-y-registral","status":"publish","type":"page","link":"https:\/\/web5.ingresa.click\/?page_id=1646","title":{"rendered":"INMOBILIARIO Y REGISTRAL"},"content":{"rendered":"\t\t<div data-elementor-type=\"wp-page\" data-elementor-id=\"1646\" class=\"elementor elementor-1646\">\n\t\t\t\t\t\t\t<div class=\"elementor-element elementor-element-d5cfde3 e-con-full e-flex e-con e-parent\" data-id=\"d5cfde3\" data-element_type=\"container\" data-settings=\"{&quot;content_width&quot;:&quot;full&quot;}\" data-core-v316-plus=\"true\">\n\t\t<div class=\"elementor-element elementor-element-ed16eea e-flex e-con-boxed e-con e-child\" data-id=\"ed16eea\" data-element_type=\"container\" data-settings=\"{&quot;content_width&quot;:&quot;boxed&quot;}\">\n\t\t\t\t\t<div class=\"e-con-inner\">\n\t\t\t\t<div class=\"elementor-element elementor-element-abc8f40 elementor-widget__width-auto elementor-invisible elementor-widget elementor-widget-heading\" data-id=\"abc8f40\" data-element_type=\"widget\" data-settings=\"{&quot;_animation&quot;:&quot;fadeIn&quot;}\" data-widget_type=\"heading.default\">\n\t\t\t\t<div class=\"elementor-widget-container\">\n\t\t\t<style>\/*! elementor - v3.17.0 - 08-11-2023 *\/\n.elementor-heading-title{padding:0;margin:0;line-height:1}.elementor-widget-heading .elementor-heading-title[class*=elementor-size-]>a{color:inherit;font-size:inherit;line-height:inherit}.elementor-widget-heading .elementor-heading-title.elementor-size-small{font-size:15px}.elementor-widget-heading .elementor-heading-title.elementor-size-medium{font-size:19px}.elementor-widget-heading .elementor-heading-title.elementor-size-large{font-size:29px}.elementor-widget-heading .elementor-heading-title.elementor-size-xl{font-size:39px}.elementor-widget-heading .elementor-heading-title.elementor-size-xxl{font-size:59px}<\/style><h1 class=\"elementor-heading-title elementor-size-small\">\u00c1REA DE ESPECIALIZACI\u00d3N<\/h1>\t\t<\/div>\n\t\t\t\t<\/div>\n\t\t\t\t<div class=\"elementor-element elementor-element-5e45c03 elementor-widget__width-auto elementor-invisible elementor-widget elementor-widget-heading\" data-id=\"5e45c03\" data-element_type=\"widget\" data-settings=\"{&quot;_animation&quot;:&quot;fadeIn&quot;}\" data-widget_type=\"heading.default\">\n\t\t\t\t<div class=\"elementor-widget-container\">\n\t\t\t<h1 class=\"elementor-heading-title elementor-size-default\">Inmobiliario y Registral<\/h1>\t\t<\/div>\n\t\t\t\t<\/div>\n\t\t\t\t\t<\/div>\n\t\t\t\t<\/div>\n\t\t\t\t<\/div>\n\t\t<div class=\"elementor-element elementor-element-fcad9f9 e-con-full e-flex e-con e-parent\" data-id=\"fcad9f9\" data-element_type=\"container\" data-settings=\"{&quot;content_width&quot;:&quot;full&quot;}\" data-core-v316-plus=\"true\">\n\t\t\t\t<div class=\"elementor-element elementor-element-2cff8a6 elementor-widget elementor-widget-text-editor\" data-id=\"2cff8a6\" data-element_type=\"widget\" data-widget_type=\"text-editor.default\">\n\t\t\t\t<div class=\"elementor-widget-container\">\n\t\t\t<style>\/*! elementor - v3.17.0 - 08-11-2023 *\/\n.elementor-widget-text-editor.elementor-drop-cap-view-stacked .elementor-drop-cap{background-color:#69727d;color:#fff}.elementor-widget-text-editor.elementor-drop-cap-view-framed .elementor-drop-cap{color:#69727d;border:3px solid;background-color:transparent}.elementor-widget-text-editor:not(.elementor-drop-cap-view-default) .elementor-drop-cap{margin-top:8px}.elementor-widget-text-editor:not(.elementor-drop-cap-view-default) .elementor-drop-cap-letter{width:1em;height:1em}.elementor-widget-text-editor .elementor-drop-cap{float:left;text-align:center;line-height:1;font-size:50px}.elementor-widget-text-editor .elementor-drop-cap-letter{display:inline-block}<\/style>\t\t\t\tUna de las \u00e1reas que ha desarrollado nuestro estudio, dado que la construcci\u00f3n se ha convertido en la actividad que m\u00e1s ha crecido en nuestra regi\u00f3n, es el saneamiento inmobiliario de inmuebles rurales y urbanos; por ello, ofrecemos a su empresa la asesor\u00eda necesaria para crecer ordenadamente y comprender los riesgos contractuales, laborales y tributarios que \u00e9sta implica. Nuestra empresa centra su asesor\u00eda en este sector para ofrecerle un servicio personalizado en los siguientes rubros:\t\t\t\t\t\t<\/div>\n\t\t\t\t<\/div>\n\t\t\t\t<div class=\"elementor-element elementor-element-adbf3a4 elementor-widget__width-auto elementor-invisible elementor-widget elementor-widget-heading\" data-id=\"adbf3a4\" data-element_type=\"widget\" data-settings=\"{&quot;_animation&quot;:&quot;fadeIn&quot;}\" data-widget_type=\"heading.default\">\n\t\t\t\t<div class=\"elementor-widget-container\">\n\t\t\t<h2 class=\"elementor-heading-title elementor-size-medium\">SOMOS ESPECIALISTAS EN:<\/h2>\t\t<\/div>\n\t\t\t\t<\/div>\n\t\t\t\t<div class=\"elementor-element elementor-element-dcdf8fa elementor-widget__width-inherit elementor-widget elementor-widget-text-editor\" data-id=\"dcdf8fa\" data-element_type=\"widget\" data-widget_type=\"text-editor.default\">\n\t\t\t\t<div class=\"elementor-widget-container\">\n\t\t\t\t\t\t\t<ul>\n \t<li>Saneamiento de predios urbanos y rurales.<\/li>\n<\/ul>\n&nbsp;\n<ul>\n \t<li>Asesor\u00eda en la negociaci\u00f3n y compra de predios e inmuebles.<\/li>\n<\/ul>\n&nbsp;\n<ul>\n \t<li>Saneamiento inmobiliario, que incluye: rectificaci\u00f3n de \u00e1reas y linderos, t\u00edtulos supletorios, prescripciones adquisitivas, regularizaciones administrativas, etc.<\/li>\n<\/ul>\n&nbsp;\n<ul>\n \t<li>Patrocinio en procesos constitucionales y contenciosos-administrativos vinculados a normas tributarias.<\/li>\n<\/ul>\t\t\t\t\t\t<\/div>\n\t\t\t\t<\/div>\n\t\t\t\t<\/div>\n\t\t<div class=\"elementor-element elementor-element-15f7521 e-con-full e-flex e-con e-parent\" data-id=\"15f7521\" data-element_type=\"container\" data-settings=\"{&quot;content_width&quot;:&quot;full&quot;,&quot;background_background&quot;:&quot;classic&quot;}\" data-core-v316-plus=\"true\">\n\t\t\t\t<div class=\"elementor-element elementor-element-57b223c elementor-widget elementor-widget-heading\" data-id=\"57b223c\" data-element_type=\"widget\" data-widget_type=\"heading.default\">\n\t\t\t\t<div class=\"elementor-widget-container\">\n\t\t\t<h2 class=\"elementor-heading-title elementor-size-xl\">Otras \u00e1reas<\/h2>\t\t<\/div>\n\t\t\t\t<\/div>\n\t\t<div class=\"elementor-element elementor-element-5c3a7c3 e-con-full e-flex e-con e-child\" data-id=\"5c3a7c3\" data-element_type=\"container\" data-settings=\"{&quot;content_width&quot;:&quot;full&quot;}\">\n\t\t\t\t<div class=\"elementor-element elementor-element-b868ef6 elementor-widget__width-inherit elementor-widget elementor-widget-heading\" data-id=\"b868ef6\" data-element_type=\"widget\" data-widget_type=\"heading.default\">\n\t\t\t\t<div class=\"elementor-widget-container\">\n\t\t\t<div class=\"elementor-heading-title elementor-size-medium\"><a href=\"\/?page_id=1588\">Litigios y arbitraje<\/a><\/div>\t\t<\/div>\n\t\t\t\t<\/div>\n\t\t\t\t<div class=\"elementor-element elementor-element-f8be723 elementor-widget__width-inherit elementor-widget elementor-widget-heading\" data-id=\"f8be723\" data-element_type=\"widget\" data-widget_type=\"heading.default\">\n\t\t\t\t<div class=\"elementor-widget-container\">\n\t\t\t<div class=\"elementor-heading-title elementor-size-medium\"><a href=\"\/?page_id=1642\">Laboral y recursos humanos<\/a><\/div>\t\t<\/div>\n\t\t\t\t<\/div>\n\t\t\t\t<div class=\"elementor-element elementor-element-9a61d7b elementor-widget__width-inherit elementor-widget elementor-widget-heading\" data-id=\"9a61d7b\" data-element_type=\"widget\" data-widget_type=\"heading.default\">\n\t\t\t\t<div class=\"elementor-widget-container\">\n\t\t\t<div class=\"elementor-heading-title elementor-size-medium\"><a href=\"\/?page_id=1644\">Penal empresarial<\/a><\/div>\t\t<\/div>\n\t\t\t\t<\/div>\n\t\t\t\t<\/div>\n\t\t<div class=\"elementor-element elementor-element-2a02a69 e-con-full e-flex e-con e-child\" data-id=\"2a02a69\" data-element_type=\"container\" data-settings=\"{&quot;content_width&quot;:&quot;full&quot;}\">\n\t\t\t\t<div class=\"elementor-element elementor-element-dba622d elementor-widget__width-inherit elementor-widget elementor-widget-heading\" data-id=\"dba622d\" data-element_type=\"widget\" data-widget_type=\"heading.default\">\n\t\t\t\t<div class=\"elementor-widget-container\">\n\t\t\t<div class=\"elementor-heading-title elementor-size-medium\"><a href=\"\/?page_id=1646\">Inmobiliario y registral<\/a><\/div>\t\t<\/div>\n\t\t\t\t<\/div>\n\t\t\t\t<div class=\"elementor-element elementor-element-177069c elementor-widget__width-inherit elementor-widget elementor-widget-heading\" data-id=\"177069c\" data-element_type=\"widget\" data-widget_type=\"heading.default\">\n\t\t\t\t<div class=\"elementor-widget-container\">\n\t\t\t<div class=\"elementor-heading-title elementor-size-medium\"><a href=\"\/?page_id=1648\">Organismos reguladores<\/a><\/div>\t\t<\/div>\n\t\t\t\t<\/div>\n\t\t\t\t<div class=\"elementor-element elementor-element-24e9e3d elementor-widget__width-inherit elementor-widget elementor-widget-heading\" data-id=\"24e9e3d\" data-element_type=\"widget\" data-widget_type=\"heading.default\">\n\t\t\t\t<div class=\"elementor-widget-container\">\n\t\t\t<div class=\"elementor-heading-title elementor-size-medium\"><a href=\"\/?page_id=1650\">Asesor\u00eda tributaria<\/a><\/div>\t\t<\/div>\n\t\t\t\t<\/div>\n\t\t\t\t<\/div>\n\t\t<div class=\"elementor-element elementor-element-03e4c26 e-con-full e-flex e-con e-child\" data-id=\"03e4c26\" data-element_type=\"container\" data-settings=\"{&quot;content_width&quot;:&quot;full&quot;}\">\n\t\t\t\t<div class=\"elementor-element elementor-element-48f678d elementor-widget__width-inherit elementor-widget elementor-widget-heading\" data-id=\"48f678d\" data-element_type=\"widget\" data-widget_type=\"heading.default\">\n\t\t\t\t<div class=\"elementor-widget-container\">\n\t\t\t<div class=\"elementor-heading-title elementor-size-medium\"><a href=\"\/?page_id=1652\">Minero y ambiental<\/a><\/div>\t\t<\/div>\n\t\t\t\t<\/div>\n\t\t\t\t<div class=\"elementor-element elementor-element-73f3827 elementor-widget__width-inherit elementor-widget elementor-widget-heading\" data-id=\"73f3827\" data-element_type=\"widget\" data-widget_type=\"heading.default\">\n\t\t\t\t<div class=\"elementor-widget-container\">\n\t\t\t<div class=\"elementor-heading-title elementor-size-medium\"><a href=\"\/?page_id=1654\">Societario y contractual<\/a><\/div>\t\t<\/div>\n\t\t\t\t<\/div>\n\t\t\t\t<div class=\"elementor-element elementor-element-5d290cc elementor-widget__width-inherit elementor-hidden-mobile elementor-widget elementor-widget-heading\" data-id=\"5d290cc\" data-element_type=\"widget\" data-widget_type=\"heading.default\">\n\t\t\t\t<div class=\"elementor-widget-container\">\n\t\t\t<div class=\"elementor-heading-title elementor-size-medium\">Asesor\u00eda tributaria<\/div>\t\t<\/div>\n\t\t\t\t<\/div>\n\t\t\t\t<\/div>\n\t\t\t\t<\/div>\n\t\t<div class=\"elementor-element elementor-element-9133d22 e-con-full e-flex e-con e-parent\" data-id=\"9133d22\" data-element_type=\"container\" data-settings=\"{&quot;content_width&quot;:&quot;full&quot;,&quot;background_background&quot;:&quot;classic&quot;}\" data-core-v316-plus=\"true\">\n\t\t<div class=\"elementor-element elementor-element-ff4a5f6 e-con-full e-flex e-con e-child\" data-id=\"ff4a5f6\" data-element_type=\"container\" data-settings=\"{&quot;content_width&quot;:&quot;full&quot;}\">\n\t\t\t\t<div class=\"elementor-element elementor-element-fbba192 elementor-widget elementor-widget-heading\" data-id=\"fbba192\" data-element_type=\"widget\" data-widget_type=\"heading.default\">\n\t\t\t\t<div class=\"elementor-widget-container\">\n\t\t\t<h2 class=\"elementor-heading-title elementor-size-xl\">\u00bfBuscas una firma con una oferta legal integral?<\/h2>\t\t<\/div>\n\t\t\t\t<\/div>\n\t\t\t\t<div class=\"elementor-element elementor-element-442eeb7 elementor-widget__width-auto elementor-widget elementor-widget-button\" data-id=\"442eeb7\" data-element_type=\"widget\" data-widget_type=\"button.default\">\n\t\t\t\t<div class=\"elementor-widget-container\">\n\t\t\t\t\t<div class=\"elementor-button-wrapper\">\n\t\t\t<a class=\"elementor-button elementor-button-link elementor-size-sm\" href=\"\/?page_id=17\">\n\t\t\t\t\t\t<span class=\"elementor-button-content-wrapper\">\n\t\t\t\t\t\t<span class=\"elementor-button-text\">P\u00f3ngase en contacto con nosotros<\/span>\n\t\t<\/span>\n\t\t\t\t\t<\/a>\n\t\t<\/div>\n\t\t\t\t<\/div>\n\t\t\t\t<\/div>\n\t\t\t\t<\/div>\n\t\t\t\t<\/div>\n\t\t\t\t\t\t\t<\/div>\n\t\t","protected":false},"excerpt":{"rendered":"<p>\u00c1REA DE ESPECIALIZACI\u00d3N Inmobiliario y Registral Una de las \u00e1reas que ha desarrollado nuestro estudio, dado que la construcci\u00f3n se ha convertido en la actividad que m\u00e1s ha crecido en nuestra regi\u00f3n, es el saneamiento inmobiliario de inmuebles rurales y urbanos; por ello, ofrecemos a su empresa la asesor\u00eda necesaria para crecer ordenadamente y comprender [&hellip;]<\/p>\n","protected":false},"author":1,"featured_media":0,"parent":64,"menu_order":3,"comment_status":"closed","ping_status":"closed","template":"elementor_header_footer","meta":{"footnotes":""},"_links":{"self":[{"href":"https:\/\/web5.ingresa.click\/index.php?rest_route=\/wp\/v2\/pages\/1646"}],"collection":[{"href":"https:\/\/web5.ingresa.click\/index.php?rest_route=\/wp\/v2\/pages"}],"about":[{"href":"https:\/\/web5.ingresa.click\/index.php?rest_route=\/wp\/v2\/types\/page"}],"author":[{"embeddable":true,"href":"https:\/\/web5.ingresa.click\/index.php?rest_route=\/wp\/v2\/users\/1"}],"replies":[{"embeddable":true,"href":"https:\/\/web5.ingresa.click\/index.php?rest_route=%2Fwp%2Fv2%2Fcomments&post=1646"}],"version-history":[{"count":19,"href":"https:\/\/web5.ingresa.click\/index.php?rest_route=\/wp\/v2\/pages\/1646\/revisions"}],"predecessor-version":[{"id":2622,"href":"https:\/\/web5.ingresa.click\/index.php?rest_route=\/wp\/v2\/pages\/1646\/revisions\/2622"}],"up":[{"embeddable":true,"href":"https:\/\/web5.ingresa.click\/index.php?rest_route=\/wp\/v2\/pages\/64"}],"wp:attachment":[{"href":"https:\/\/web5.ingresa.click\/index.php?rest_route=%2Fwp%2Fv2%2Fmedia&parent=1646"}],"curies":[{"name":"wp","href":"https:\/\/api.w.org\/{rel}","templated":true}]}}